{"id":4,"date":"2020-12-22T17:07:33","date_gmt":"2020-12-22T17:07:33","guid":{"rendered":"https:\/\/uchtmann-it.de\/?page_id=4"},"modified":"2024-04-25T20:05:40","modified_gmt":"2024-04-25T20:05:40","slug":"willkommen-auf-https-uchtmann-it-de-2","status":"publish","type":"page","link":"https:\/\/uchtmann-it.de\/","title":{"rendered":""},"content":{"rendered":"\n<div class=\"wp-block-columns is-layout-flex wp-container-core-columns-is-layout-1 wp-block-columns-is-layout-flex\">\n<div class=\"wp-block-column is-layout-flow wp-block-column-is-layout-flow\" style=\"flex-basis:66.66%\">\n<p>Als selbst\u00e4ndiger IT-Berater, IT-Projektmanager und IT-Architekt f\u00fcr IT-Infrastruktur-Cloud-, Datacenter- und Security-L\u00f6sungen unterst\u00fctze ich mittelst\u00e4ndische Unternehmen in den folgenden Leistungsbereichen:<\/p>\n\n\n\n<p><\/p>\n\n\n\n<p>IT-Architekturmanagement f\u00fcr Infrastruktur und Cloud L\u00f6sungen<\/p>\n\n\n\n<p>IT-Rechenzentrumsberatung<\/p>\n\n\n\n<p>IT-Projektmanagement und IT-Consulting<\/p>\n\n\n\n<p>IT-Sicherheit und ISMS-Projektconsulting<\/p>\n\n\n\n<p>IT-Notfallmanagement und IT-Risikomanagement<\/p>\n\n\n\n<p>IT-Servicemanagement Strategie und Design<\/p>\n\n\n\n<p>IT-Interimsmanagement<\/p>\n\n\n\n<p>Informationssicherheitsbeauftragter (ISB\/CISO)<\/p>\n<\/div>\n\n\n\n<div class=\"wp-block-column is-layout-flow wp-block-column-is-layout-flow\" style=\"flex-basis:33.33%\">\n<figure class=\"wp-block-image size-medium is-style-default\"><a href=\"https:\/\/uchtmann-it.de\/?page_id=37\"><img loading=\"lazy\" decoding=\"async\" width=\"300\" height=\"300\" src=\"https:\/\/uchtmann-it.de\/wp-content\/uploads\/2021\/06\/1-300x300.jpg\" alt=\"\" class=\"wp-image-235\" srcset=\"https:\/\/uchtmann-it.de\/wp-content\/uploads\/2021\/06\/1-300x300.jpg 300w, https:\/\/uchtmann-it.de\/wp-content\/uploads\/2021\/06\/1-150x150.jpg 150w, https:\/\/uchtmann-it.de\/wp-content\/uploads\/2021\/06\/1.jpg 494w\" sizes=\"(max-width: 300px) 100vw, 300px\" \/><\/a><\/figure>\n<\/div>\n<\/div>\n\n\n\n<div class=\"wp-block-columns is-layout-flex wp-container-core-columns-is-layout-2 wp-block-columns-is-layout-flex\">\n<div class=\"wp-block-column is-layout-flow wp-block-column-is-layout-flow\"><\/div>\n<\/div>\n","protected":false},"excerpt":{"rendered":"<p>Als selbst\u00e4ndiger IT-Berater, IT-Projektmanager und IT-Architekt f\u00fcr IT-Infrastruktur-Cloud-, Datacenter- und Security-L\u00f6sungen unterst\u00fctze ich mittelst\u00e4ndische Unternehmen in den folgenden Leistungsbereichen: IT-Architekturmanagement f\u00fcr Infrastruktur und Cloud L\u00f6sungen IT-Rechenzentrumsberatung IT-Projektmanagement und IT-Consulting IT-Sicherheit und ISMS-Projektconsulting IT-Notfallmanagement und IT-Risikomanagement IT-Servicemanagement Strategie und Design IT-Interimsmanagement Informationssicherheitsbeauftragter (ISB\/CISO)<\/p>\n","protected":false},"author":1,"featured_media":0,"parent":0,"menu_order":0,"comment_status":"closed","ping_status":"closed","template":"","meta":{"footnotes":""},"_links":{"self":[{"href":"https:\/\/uchtmann-it.de\/index.php?rest_route=\/wp\/v2\/pages\/4"}],"collection":[{"href":"https:\/\/uchtmann-it.de\/index.php?rest_route=\/wp\/v2\/pages"}],"about":[{"href":"https:\/\/uchtmann-it.de\/index.php?rest_route=\/wp\/v2\/types\/page"}],"author":[{"embeddable":true,"href":"https:\/\/uchtmann-it.de\/index.php?rest_route=\/wp\/v2\/users\/1"}],"replies":[{"embeddable":true,"href":"https:\/\/uchtmann-it.de\/index.php?rest_route=%2Fwp%2Fv2%2Fcomments&post=4"}],"version-history":[{"count":16,"href":"https:\/\/uchtmann-it.de\/index.php?rest_route=\/wp\/v2\/pages\/4\/revisions"}],"predecessor-version":[{"id":5816,"href":"https:\/\/uchtmann-it.de\/index.php?rest_route=\/wp\/v2\/pages\/4\/revisions\/5816"}],"wp:attachment":[{"href":"https:\/\/uchtmann-it.de\/index.php?rest_route=%2Fwp%2Fv2%2Fmedia&parent=4"}],"curies":[{"name":"wp","href":"https:\/\/api.w.org\/{rel}","templated":true}]}}